{"id":405,"date":"2025-05-19T17:52:32","date_gmt":"2025-05-19T14:52:32","guid":{"rendered":"http:\/\/ergunbulut.com\/?page_id=405"},"modified":"2025-05-19T18:32:39","modified_gmt":"2025-05-19T15:32:39","slug":"turkce","status":"publish","type":"page","link":"http:\/\/ergunbulut.com\/?page_id=405&lang=tr","title":{"rendered":""},"content":{"rendered":"\r\n<p style=\"text-align: center;\">Eski bir yerlerde 80\u2019li senelerin bir tanesinde do\u011fmu\u015f, can s\u0131k\u0131nt\u0131s\u0131ndan anlad\u0131\u011f\u0131 bir \u015feylerin m\u00fchendisi olmu\u015f, duydu\u011fundan \u00e7ok g\u00f6rd\u00fc\u011f\u00fcne inanan, kan\u0131tlanm\u0131\u015flar\u0131 ilgiyle ama uydurulmu\u015flar\u0131 asla okumayan, herkesi kendi gibi sanan, yanl\u0131\u015f yapmaktansa hi\u00e7 yapmaman\u0131n daha do\u011fru oldu\u011funu her zaman savunan.<\/p>\r\n<p style=\"text-align: center;\">Gidip g\u00f6rmeden, incelemeden, bilip bilmeden anlatmayan ve de yapmayan, konu\u015fmay\u0131 hi\u00e7 sevmeyen fakat en \u00e7ok konu\u015fan, susamayan. G\u00fcr\u00fclt\u00fcden \u00e7ok ho\u015flanan ama sadece periyodik ve manyetik sesler olursa dinleyen, dinlerken sayan, dinlemezken t\u0131k\u0131rdayan, uyurken say\u0131klayan. \u00c7ok yeniyken okuyup yazd\u0131\u011f\u0131ndan, \u00e7evresi taraf\u0131ndan engellenen, susturulan. Baz\u0131 yerleri \u00e7ok \u00e7al\u0131\u015ft\u0131\u011f\u0131ndan potansiyelini kullanmak istemeyen, kullanmayan. Uyumaktan ho\u015flanmayan ama r\u00fcyalara dald\u0131\u011f\u0131nda uyanmak istemeyen, uyursa en ba\u015ftan ba\u015flayan, uyanamazsa \u015fiddetle uyand\u0131r\u0131lan.<\/p>\r\n<p style=\"text-align: center;\">Kalabal\u0131ktan ka\u00e7an, anca tenhada nefes alabilen. Siyahtan ba\u015fkas\u0131na bakmayan, g\u00f6rmeyen, hatta gitmeyen ama yeter art\u0131k diye ba\u015fka bir renk se\u00e7en, se\u00e7tirilen. Her konuda kesin tak\u0131nt\u0131s\u0131 kalite olan, kalitesizlik g\u00f6rd\u00fc\u011f\u00fcnde ko\u015farak uzakla\u015fan. Belgesel ezberleyen, proje geli\u015ftiren, sistem kuran, nadir icatlar tasarlayan. Gelece\u011fi \u00f6nceden tad\u0131p koklayan. Bo\u015f duruldu\u011funda dayanamayan, s\u00f6ylenmeye ba\u015flayan. Ba\u015fta \u00e7ok \u0131s\u0131nsa da pop\u00fcler olursa so\u011fuyan. Y\u00fcksekten korkan ama zirvede oturan, a\u015fa\u011f\u0131ya bakamayan.<\/p>\r\n\r\n\r\n\r\n<p style=\"text-align: center;\">Nedenlerle nedenlerde kaybolan.<\/p>\r\n","protected":false},"excerpt":{"rendered":"<p>Eski bir yerlerde 80\u2019li senelerin bir tanesinde do\u011fmu\u015f, can s\u0131k\u0131nt\u0131s\u0131ndan anlad\u0131\u011f\u0131 bir \u015feylerin m\u00fchendisi olmu\u015f, duydu\u011fundan \u00e7ok g\u00f6rd\u00fc\u011f\u00fcne inanan, kan\u0131tlanm\u0131\u015flar\u0131 ilgiyle ama uydurulmu\u015flar\u0131 asla okumayan, herkesi kendi gibi sanan, yanl\u0131\u015f yapmaktansa hi\u00e7 yapmaman\u0131n daha do\u011fru oldu\u011funu her zaman savunan. Gidip g\u00f6rmeden, incelemeden, bilip bilmeden anlatmayan ve de yapmayan, konu\u015fmay\u0131 hi\u00e7 sevmeyen fakat en \u00e7ok konu\u015fan,&hellip; <a class=\"more-link\" href=\"http:\/\/ergunbulut.com\/?page_id=405&#038;lang=tr\">Continue reading <span class=\"screen-reader-text\"><\/span> <span class=\"meta-nav\" aria-hidden=\"true\">&rarr;<\/span><\/a><\/p>\n","protected":false},"author":1,"featured_media":17,"parent":0,"menu_order":0,"comment_status":"closed","ping_status":"closed","template":"","meta":{"footnotes":""},"class_list":["post-405","page","type-page","status-publish","has-post-thumbnail","hentry"],"jetpack_sharing_enabled":true,"_links":{"self":[{"href":"http:\/\/ergunbulut.com\/index.php?rest_route=\/wp\/v2\/pages\/405","targetHints":{"allow":["GET"]}}],"collection":[{"href":"http:\/\/ergunbulut.com\/index.php?rest_route=\/wp\/v2\/pages"}],"about":[{"href":"http:\/\/ergunbulut.com\/index.php?rest_route=\/wp\/v2\/types\/page"}],"author":[{"embeddable":true,"href":"http:\/\/ergunbulut.com\/index.php?rest_route=\/wp\/v2\/users\/1"}],"replies":[{"embeddable":true,"href":"http:\/\/ergunbulut.com\/index.php?rest_route=%2Fwp%2Fv2%2Fcomments&post=405"}],"version-history":[{"count":2,"href":"http:\/\/ergunbulut.com\/index.php?rest_route=\/wp\/v2\/pages\/405\/revisions"}],"predecessor-version":[{"id":432,"href":"http:\/\/ergunbulut.com\/index.php?rest_route=\/wp\/v2\/pages\/405\/revisions\/432"}],"wp:featuredmedia":[{"embeddable":true,"href":"http:\/\/ergunbulut.com\/index.php?rest_route=\/wp\/v2\/media\/17"}],"wp:attachment":[{"href":"http:\/\/ergunbulut.com\/index.php?rest_route=%2Fwp%2Fv2%2Fmedia&parent=405"}],"curies":[{"name":"wp","href":"https:\/\/api.w.org\/{rel}","templated":true}]}}